{"id":5366,"date":"2022-01-12T15:31:09","date_gmt":"2022-01-12T14:31:09","guid":{"rendered":"https:\/\/www.illuburg.de\/produkt\/eco-128b-ww-7200lm-2700k-24v-60w\/"},"modified":"2025-05-21T14:21:22","modified_gmt":"2025-05-21T12:21:22","slug":"led-strip-sw02001","status":"publish","type":"product","link":"https:\/\/www.illuburg.de\/en\/produkt\/led-strip-sw02001\/","title":{"rendered":"ECO-128B-WW (7200lm, 2700K)"},"content":{"rendered":"<p style=\"color: #ffffff; font-size: 1%;\">LED Strip 24V 5m Role Warmwhite 2700K SMD2835 60W 640 LEDs 6000lm Flexible LED Strip<\/p>\n<div class=\"fusion-text fusion-text-1\" style=\"--awb-font-size:16px;--awb-margin-left:1px;\"><\/p>\n<p><strong>ECO-128B-WW<\/strong><\/p>\n<p>\n<\/div>\n<div class=\"fusion-text fusion-text-2\" style=\"--awb-font-size:16px;--awb-margin-left:2px;\"><\/p>\n<p>Flexible LED Strip 5 m Role<br \/>\n128 LEDs\/m, 120 lm\/W, 12 W\/m, 24 V, 2700 K<\/p>\n<p>\n<\/div>\n<div class=\"fusion-text fusion-text-3\" style=\"--awb-font-size:16px;--awb-margin-top:50px;--awb-margin-left:2px;\"><\/p>\n<p style=\"color: #ffffff; font-size: 1%;\">LED Strip 24V 5m Role Warmwhite 2700K SMD2835 60W 640 LEDs 6000lm Flexible LED Strip<\/p>\n<p>Technical Data<\/p>\n<p>\n<\/div>\n<\/p>\n<div class=\"table-1\">\n<table width=\"100%\">\n<colgroup>\n<col style=\"width: 38%;\" span=\"1\" \/>\n<col style=\"width: 62%;\" span=\"1\" \/> <\/colgroup>\n<tbody>\n<tr>\n<td align=\"left\"><strong>Model<\/strong><\/td>\n<td align=\"left\">ECO-128B-WW<\/td>\n<\/tr>\n<tr>\n<td align=\"left\"><strong>LED type<\/strong><\/td>\n<td align=\"left\">SMD 2835<\/td>\n<\/tr>\n<tr>\n<td align=\"left\"><strong>Operating voltage<\/strong><\/td>\n<td align=\"left\">24 Vdc (constant voltage)<\/td>\n<\/tr>\n<tr>\n<td align=\"left\"><strong>LED quantity<\/strong><\/td>\n<td align=\"left\">640 (128 LEDs\/m)<\/td>\n<\/tr>\n<tr>\n<td align=\"left\"><strong>Power<\/strong><\/td>\n<td align=\"left\">60 W (12 W\/m)<\/td>\n<\/tr>\n<tr>\n<td align=\"left\"><strong>Efficiency<\/strong><\/td>\n<td align=\"left\">120 lm\/W<\/td>\n<\/tr>\n<tr>\n<td align=\"left\"><strong>Light flux<\/strong><\/td>\n<td align=\"left\">7200 lm (1440 lm\/m)<\/td>\n<\/tr>\n<tr>\n<td align=\"left\"><strong>CRI<\/strong><\/td>\n<td align=\"left\">&gt; 80 Ra<\/td>\n<\/tr>\n<tr>\n<td align=\"left\"><strong>Color temperature<\/strong><\/td>\n<td align=\"left\">2700 K<\/td>\n<\/tr>\n<tr>\n<td align=\"left\"><strong>Length<\/strong><\/td>\n<td align=\"left\">5000 mm<\/td>\n<\/tr>\n<tr>\n<td align=\"left\"><strong>Width<\/strong><\/td>\n<td align=\"left\">10 mm<\/td>\n<\/tr>\n<tr>\n<td align=\"left\"><strong>Hight<\/strong><\/td>\n<td align=\"left\">1.2 mm<\/td>\n<\/tr>\n<tr>\n<td align=\"left\"><strong>Life time<\/strong><\/td>\n<td align=\"left\">&gt; 30.000 h<\/td>\n<\/tr>\n<tr>\n<td align=\"left\"><strong>Operating temperature (tc)<\/strong><\/td>\n<td align=\"left\">-25 \u00b0C &#8230; +80 \u00b0C<\/td>\n<\/tr>\n<tr>\n<td align=\"left\"><strong>Storage temperature<\/strong><\/td>\n<td align=\"left\">-40 \u00b0C &#8230; +100 \u00b0C<\/td>\n<\/tr>\n<tr>\n<td align=\"left\"><strong>Protection type<\/strong><\/td>\n<td align=\"left\">IP20<\/td>\n<\/tr>\n<tr>\n<td align=\"left\"><strong>CE \/ RoHS<\/strong><\/td>\n<td align=\"left\">yes<\/td>\n<\/tr>\n<tr>\n<td align=\"left\"><strong>Energy efficiency class<\/strong><\/td>\n<td align=\"left\">D (by regulation EU2019\/2015)<\/td>\n<\/tr>\n<\/tbody>\n<\/table>\n<\/div>\n<p>\n<p style=\"color: #ffffff; font-size: 1%;\">LED Strip 12V 5m Role Warmwhite 2700K SMD2835 60W 640 LEDs 6000lm Flexible LED Strip<\/p>\n<div class=\"fusion-text fusion-text-4\" style=\"--awb-font-size:16px;--awb-margin-top:50px;--awb-margin-left:2px;\"><\/p>\n<p>Dimension<\/p>\n<p>\n<\/div>\n<div class=\"fusion-image-element fusion-image-align-center in-legacy-container\" style=\"text-align:center;--awb-max-width:1600px;\"><div class=\"imageframe-align-center\"><span class=\" fusion-imageframe imageframe-none imageframe-1 hover-type-none\"><a href=\"https:\/\/www.illuburg.de\/wp-content\/uploads\/onlineshop\/dimension\/strip\/ECO-128B_dimension_desktop.png\" class=\"fusion-lightbox\" data-rel=\"iLightbox[6189b700ebd8fe095ab]\"><img decoding=\"async\" src=\"data:image\/gif;base64,R0lGODlhAQABAAAAACH5BAEKAAEALAAAAAABAAEAAAICTAEAOw==\" data-orig-src=\"https:\/\/www.illuburg.de\/wp-content\/uploads\/onlineshop\/dimension\/strip\/ECO-128B_dimension_desktop.png\" alt class=\"lazyload img-responsive\"\/><\/a><\/span><\/div><\/div>\n<p style=\"color: #ffffff; font-size: 1%;\">LED Streifen 12V 5m Rolle Warmweiss 2700K SMD2835 60W 640 LEDs 6000lm Flexibler LED Strip<\/p>\n<div class=\"fusion-text fusion-text-5\" style=\"--awb-font-size:16px;--awb-margin-top:50px;--awb-margin-left:2px;\"><\/p>\n<p>Connection instructions<\/p>\n<p>\n<\/div>\n<div class=\"fusion-image-element fusion-image-align-center in-legacy-container\" style=\"text-align:center;--awb-max-width:1600px;\"><div class=\"imageframe-align-center\"><span class=\" fusion-imageframe imageframe-none imageframe-2 hover-type-none\"><a href=\"https:\/\/www.illuburg.de\/wp-content\/uploads\/onlineshop\/connection\/Strip\/Strip_install_en_desktop.png\" class=\"fusion-lightbox\" data-rel=\"iLightbox[510f9ce6a509851833d]\"><img decoding=\"async\" src=\"data:image\/gif;base64,R0lGODlhAQABAAAAACH5BAEKAAEALAAAAAABAAEAAAICTAEAOw==\" data-orig-src=\"https:\/\/www.illuburg.de\/wp-content\/uploads\/onlineshop\/connection\/Strip\/Strip_install_en_desktop.png\" alt class=\"lazyload img-responsive\"\/><\/a><\/span><\/div><\/div>\n<div class=\"fusion-text fusion-text-6\" style=\"--awb-font-size:1px;--awb-margin-left:1px;\"><p>\n<span style=\"color: #ffffff;\">LED Strip ECO-128B-WW: Flexibler LED-Streifen 24 V Konstantspannung, 2700 &#8211; 3000 K Kaltwei\u00df, 2835 SMD LED, 640 LEDs (128 LEDs\/m), 5 Meter.<\/span><br \/>\n<span style=\"color: #ffffff;\">LEISTUNG &#038; EFFIZIENZ: Leistung 60 W (12 W\/m), Lichtstrom 6000 lm (1200 lm\/m), Effizienz 120 lm\/W, CRI > 80 Ra.<\/span><br \/>\n<span style=\"color: #ffffff;\">INSTALLATION: Breite 8 mm, H\u00f6he 1,2 mm, Abschnittsl\u00e4nge 62,5 mm, Schutzart IP20, geeignet f\u00fcr M\u00f6beleinbau (K\u00fcche, M\u00f6bel, Spiegel etc).<\/span><br \/>\n<span style=\"color: #ffffff;\">QUALIT\u00c4T: Pr\u00fcfzeichen CE, Lebensdauer > 30.000 Stunden, Betriebstemperatur -25 &#8211; +80 \u00b0C, Lagertemperatur -40 &#8211; +100 \u00b0C.<\/span><br \/>\n<span style=\"color: #ffffff;\">LIEFERUNG: 1 x 5 Meter LED-Streifen Rolle ohne LED-Netzteil oder andere Zubeh\u00f6re.<\/span><br \/>\n<span style=\"color: #ffffff;\">led streifen strip leiste warmweiss 2700k 3000k 5m 24v 60w ip20 m\u00f6beleinbau dimmbar smd 2835<\/span><\/p>\n<p style=\"color: #ffffff; font-size: 1%;\">LED Strip 24V 5m Role Warmwhite 2700K SMD2835 60W 640 LEDs 6000lm Flexible LED Strip<\/p>\n<p>\n<\/div>\n","protected":false},"excerpt":{"rendered":"<p><strong>Download<\/strong><\/p>\n<p><a style=\"color: #0070a0;\" href=\"https:\/\/www.illuburg.de\/download\/datasheet\/led_strip\/illuburg_ECO-128B-WW_DataSheet_DE.pdf\" target=\"_blank\" rel=\"noopener\">Bedienungsanleitung (PDF)<\/a><\/p>\n<p><a style=\"color: #0070a0;\" href=\"https:\/\/www.illuburg.de\/download\/datasheet\/led_strip\/illuburg_ECO-128B-WW_DataSheet_EN.pdf\" target=\"_blank\" rel=\"noopener\">Operating Manual (PDF)<\/a><\/p>\n<p><span style=\"color: #000000;\">EAN: 4260608588133<\/span><\/p>\n","protected":false},"featured_media":10758,"template":"","meta":{"_acf_changed":false},"product_brand":[],"product_cat":[167],"product_tag":[],"class_list":{"0":"post-5366","1":"product","2":"type-product","3":"status-publish","4":"has-post-thumbnail","6":"product_cat-led-strip-smd-24v","8":"first","9":"instock","10":"shipping-taxable","11":"product-type-simple"},"acf":[],"_links":{"self":[{"href":"https:\/\/www.illuburg.de\/en\/wp-json\/wp\/v2\/product\/5366","targetHints":{"allow":["GET"]}}],"collection":[{"href":"https:\/\/www.illuburg.de\/en\/wp-json\/wp\/v2\/product"}],"about":[{"href":"https:\/\/www.illuburg.de\/en\/wp-json\/wp\/v2\/types\/product"}],"wp:featuredmedia":[{"embeddable":true,"href":"https:\/\/www.illuburg.de\/en\/wp-json\/wp\/v2\/media\/10758"}],"wp:attachment":[{"href":"https:\/\/www.illuburg.de\/en\/wp-json\/wp\/v2\/media?parent=5366"}],"wp:term":[{"taxonomy":"product_brand","embeddable":true,"href":"https:\/\/www.illuburg.de\/en\/wp-json\/wp\/v2\/product_brand?post=5366"},{"taxonomy":"product_cat","embeddable":true,"href":"https:\/\/www.illuburg.de\/en\/wp-json\/wp\/v2\/product_cat?post=5366"},{"taxonomy":"product_tag","embeddable":true,"href":"https:\/\/www.illuburg.de\/en\/wp-json\/wp\/v2\/product_tag?post=5366"}],"curies":[{"name":"wp","href":"https:\/\/api.w.org\/{rel}","templated":true}]}}